{"id":2948,"date":"2021-05-09T02:09:21","date_gmt":"2021-05-08T19:09:21","guid":{"rendered":"https:\/\/enta.edu.vn\/?page_id=2948"},"modified":"2022-12-18T07:08:24","modified_gmt":"2022-12-18T00:08:24","slug":"about-us","status":"publish","type":"page","link":"https:\/\/enta.edu.vn\/en\/about-us\/","title":{"rendered":"About us"},"content":{"rendered":"<p><strong>ENTA English Training Academy\u00a0<\/strong>l\u00e0 m\u1ed9t t\u1ed5 ch\u1ee9c gi\u1ea3ng d\u1ea1y &#8211; \u0111\u00e0o t\u1ea1o Ti\u1ebfng Anh, luy\u1ec7n thi IELTS \u0111\u01b0\u1ee3c th\u00e0nh l\u1eadp t\u1eeb n\u0103m 2005 r\u1ea5t uy t\u00edn v\u00e0 gi\u00e0u kinh nghi\u1ec7m. V\u1edbi h\u01a1n 15 n\u0103m ho\u1ea1t \u0111\u1ed9ng, nh\u1eefng th\u00e0nh t\u1ef1u trong t\u1ed5 ch\u1ee9c t\u01b0 v\u1ea5n &#8211; luy\u1ec7n thi IELTS c\u1ee7a ENTA ENGLISH \u0111\u01b0\u1ee3c c\u00f4ng nh\u1eadn r\u1ed9ng r\u00e3i b\u1edfi ph\u1ee5 huynh, h\u1ecdc sinh v\u00e0 c\u00e1c c\u01a1 quan ch\u1ee9c n\u0103ng c\u00f3 th\u1ea9m quy\u1ec1n.\u00a0<strong>ENTA English Training Academy<\/strong><strong>\u00a0<\/strong>l\u00e0 m\u1ed9t trong nh\u1eefng t\u1ed5 ch\u1ee9c \u0111\u00e0o t\u1ea1o ti\u1ebfng anh v\u00e0 luy\u1ec7n thi c\u00e1c ch\u1ee9ng ch\u1ec9 ti\u1ebfng anh h\u1ecdc thu\u1eadt (IELTS, TOEIC, TOEFL, c\u00e1c k\u1ef3 thi tuy\u1ec3n sinh \u0111\u1ea7u v\u00e0o tr\u01b0\u1eddng chuy\u00ean l\u1edbp ch\u1ecdn, Thi trung h\u1ecdc ph\u1ed5 th\u00f4ng qu\u1ed1c gia)\u00a0uy t\u00edn h\u00e0ng \u0111\u1ea7u.<\/p>\n<p><img src=\"https:\/\/enta.edu.vn\/img\/webroot\/upload\/images\/images\/image(2).png\" \/><\/p>\n<p><img src=\"https:\/\/enta.edu.vn\/img\/webroot\/upload\/images\/images\/image(3).png\" \/><\/p>\n<p>Th\u00e0nh c\u00f4ng c\u1ee7a<strong>\u00a0ENTA English Training Academy\u00a0<\/strong>\u0111\u01b0\u1ee3c minh ch\u1ee9ng qua nh\u1eefng th\u00e0nh t\u1ef1u r\u1ea5t \u0111\u00e1ng t\u1ef1 h\u00e0o nh\u01b0:<\/p>\n<ul>\n<li>\u0110\u00e0o t\u1ea1o h\u01a1n 2000 h\u1ecdc vi\u00ean m\u1ed7i n\u0103m.<\/li>\n<li>N\u0103m 2019,\u00a0<strong>ENTA ENGLISH<\/strong>\u00a0c\u00f3 57,8% h\u1ecdc vi\u00ean \u0111\u1ea1t \u0111i\u1ec3m thi IELTS t\u1eeb 7.0 tr\u1edf l\u00ean; v\u00e0 100% h\u1ecdc vi\u00ean \u0111\u1ea1t \u0111i\u1ec3m IELTS 5.0\u00a0tr\u1edf l\u00ean.<\/li>\n<li>N\u0103m 2020,\u00a0<strong>ENTA ENGLISH<\/strong>\u00a0c\u00f3 52,6% h\u1ecdc vi\u00ean \u0111\u1ea1t \u0111i\u1ec3m thi IELTS t\u1eeb 7.0 tr\u1edf l\u00ean; v\u00e0 100% h\u1ecdc vi\u00ean \u0111\u1ea1t \u0111i\u1ec3m IELTS 4.5 tr\u1edf l\u00ean.<\/li>\n<li>B\u1eb1ng khen\u00a0<strong>\u201c\u0110\u1ed1i T\u00e1c V\u00e0ng\u201d<\/strong>\u00a0c\u1ee7a T\u1ed5 ch\u1ee9c kh\u1ea3o th\u00ed to\u00e0n c\u1ea7u\u00a0<strong><em>IELTS IDP Australia\u00a0<\/em><\/strong>li\u00ean ti\u1ebfp trong c\u00e1c n\u0103m 2016, 2017, 2018, 2019, 2020.<\/li>\n<\/ul>\n<ul>\n<li>B\u1eb1ng khen\u00a0<strong>\u201c\u0110\u1ed1i T\u00e1c Xu\u1ea5t S\u1eafc\u201d<\/strong>\u00a0c\u1ee7a T\u1ed5 ch\u1ee9c kh\u1ea3o th\u00ed to\u00e0n c\u1ea7u\u00a0<strong><em>IELTS British Council\u00a0<\/em><\/strong>li\u00ean ti\u1ebfp trong c\u00e1c n\u0103m t\u1eeb 2015, 2016, 2017, 2018, 2019, 2020.<\/li>\n<li>C\u00f4ng tr\u00ecnh nghi\u00ean c\u1ee9u khoa h\u1ecdc \u00e1p d\u1ee5ng ph\u01b0\u01a1ng ph\u00e1p gi\u1ea3ng d\u1ea1y Ti\u1ebfng Anh hi\u1ec7n \u0111\u1ea1i VISEN (Ti\u1ebfng Anh tr\u1ef1c quan), tr\u00ecnh b\u00e0y t\u1ea1i H\u1ed9i Ngh\u1ecb Gi\u1ea3ng D\u1ea1y Ti\u1ebfng Anh Viettesol 2020.<\/li>\n<\/ul>\n<ul>\n<li>C\u00f4ng tr\u00ecnh nghi\u00ean c\u1ee9u khoa h\u1ecdc\u00a0<strong><em>\u201cD\u1ea1y Ti\u1ebfng Anh th\u00f4ng qua c\u00e1c c\u00e2u truy\u1ec7n c\u1ed5 t\u00edch\u201d<\/em><\/strong>, tr\u00ecnh b\u00e0y t\u1ea1i H\u1ed9i Ngh\u1ecb Gi\u1ea3ng D\u1ea1y Ti\u1ebfng Anh Viettesol 2020.<\/li>\n<li><img src=\"https:\/\/enta.edu.vn\/img\/webroot\/upload\/images\/images\/image(5).png\" \/><\/li>\n<li><img src=\"https:\/\/enta.edu.vn\/img\/webroot\/upload\/images\/images\/image(6).png\" \/><\/li>\n<\/ul>\n<p><strong>ENTA English Training Academy\u00a0<\/strong>c\u00f3 \u0111\u1ed9i ng\u0169 chuy\u00ean gia gi\u1ea3ng d\u1ea1y v\u00e0 luy\u1ec7n thi IELTS gi\u00e0u kinh nghi\u1ec7m, \u0111\u01b0\u1ee3c \u0111\u00e0o t\u1ea1o b\u00e0i b\u1ea3n t\u1ea1i c\u00e1c tr\u01b0\u1eddng h\u00e0ng \u0111\u1ea7u trong n\u01b0\u1edbc v\u00e0 qu\u1ed1c t\u1ebf, \u0111\u1ed3ng th\u1eddi \u0111\u01b0\u1ee3c c\u1ea5p ch\u1ee9ng ch\u1ec9 b\u1edfi c\u00e1c t\u1ed5 ch\u1ee9c kh\u1ea3o th\u00ed to\u00e0n c\u1ea7u c\u1ee7a Anh Qu\u1ed1c v\u00e0 Australia.<\/p>\n<ul>\n<li>T\u1ed1t nghi\u1ec7p C\u1eed Nh\u00e2n v\u00e0 Th\u1ea1c S\u1ef9 t\u1ea1i c\u00e1c tr\u01b0\u1eddng nh\u01b0:<\/li>\n<\/ul>\n<ul>\n<li>\u0110\u1ea1i H\u1ecdc Nottingham, England<\/li>\n<li>\u0110\u1ea1i H\u1ecdc New York, United States of America<\/li>\n<li>\u0110\u1ea1i H\u1ecdc Victoria, Australia<\/li>\n<li>\u0110\u1ea1i H\u1ecdc Macquarie, Australia<\/li>\n<li>\u0110\u1ea1i H\u1ecdc Ngo\u1ea1i Ng\u1eef thu\u1ed9c \u0110\u1ea1i H\u1ecdc Qu\u1ed1c Gia H\u00e0 N\u1ed9i<\/li>\n<li>\u0110\u1ea1i H\u1ecdc S\u01b0 Ph\u1ea1m H\u00e0 N\u1ed9i<\/li>\n<li>100% gi\u1ea3ng vi\u00ean Tham gia \u0111\u00e0o t\u1ea1o v\u00e0 \u0111\u01b0\u1ee3c c\u1ea5p ch\u1ee9ng ch\u1ec9 b\u1edfi T\u1ed5 ch\u1ee9c kh\u1ea3o th\u00ed to\u00e0n c\u1ea7u\u00a0<strong><em>IDP Australia<\/em><\/strong>\u00a0h\u00e0ng n\u0103m.<\/li>\n<li>100% gi\u1ea3ng vi\u00ean \u0111\u01b0\u1ee3c tham gia \u0111\u00e0o t\u1ea1o v\u00e0 \u0111\u01b0\u1ee3c c\u1ea5p ch\u1ee9ng ch\u1ec9 b\u1edfi T\u1ed5 ch\u1ee9c kh\u1ea3o th\u00ed to\u00e0n c\u1ea7u\u00a0<strong><em>IELTS British Council<\/em><\/strong>\u00a0h\u00e0ng n\u0103m.<\/li>\n<\/ul>\n<ul>\n<li>Kinh nghi\u1ec7m gi\u1ea3ng d\u1ea1y t\u1eeb 3-5 n\u0103m tr\u1edf l\u00ean.<\/li>\n<li>Kinh nghi\u1ec7m tham gia c\u00f4ng t\u00e1c nghi\u00ean c\u1ee9u khoa h\u1ecdc 2 n\u0103m tr\u1edf l\u00ean.<\/li>\n<\/ul>\n<p>&nbsp;<\/p>\n<p>H\u1ec7 th\u1ed1ng ch\u01b0\u01a1ng tr\u00ecnh h\u1ecdc \u0111\u01b0\u1ee3c c\u00e1c chuy\u00ean gia h\u00e0ng \u0111\u1ea7u v\u1ec1 ng\u00f4n ng\u1eef bi\u00ean so\u1ea1n ph\u00f9 h\u1ee3p v\u1edbi m\u1ee5c ti\u00eau, nguy\u1ec7n v\u1ecdng v\u00e0 \u0111\u1eb7c \u0111i\u1ec3m c\u1ee7a t\u1eebng h\u1ecdc vi\u00ean. Gi\u00e1o tr\u00ecnh h\u1ecdc t\u1eadp to\u00e0n di\u1ec7n, ch\u1ecdn l\u1ecdc h\u1eefu \u00edch v\u00e0 \u0111\u01b0\u1ee3c c\u1eadp nh\u1eadt m\u1edbi nh\u1ea5t. M\u1ed9t trong nh\u1eefng \u0111i\u1ec1u khi\u1ebfn vi\u1ec7c h\u1ecdc v\u00e0 thi c\u00e1c k\u1ef3 thi h\u1ecdc thu\u1eadt v\u1ec1 Ti\u1ebfng Anh tr\u1edf n\u00ean \u0111\u01a1n gi\u1ea3n \u2013 hi\u1ec7u qu\u1ea3 ch\u00ednh l\u00e0 t\u00e0i li\u1ec7u h\u1ecdc t\u1eadp. Hi\u1ec3u \u0111\u01b0\u1ee3c t\u1ea7m quan tr\u1ecdng \u0111\u00f3 H\u1ed9i \u0111\u1ed3ng chuy\u00ean m\u00f4n c\u1ee7a ENTA ENGLISH \u0111\u00e3 bi\u00ean so\u1ea1n nh\u1eefng b\u1ed9 gi\u00e1o tr\u00ecnh xu\u1ea5t s\u1eafc \u0111\u01b0\u1ee3c thi\u1ebft k\u1ebf ri\u00eang cho t\u1eebng h\u1ecdc vi\u00ean. T\u1ea1i ENTA ch\u00fang t\u00f4i \u0111\u1ea3m b\u1ea3o n\u1ed9i dung h\u1ecdc t\u1eadp b\u00e1m s\u00e1t v\u1edbi \u0111\u1ec1 thi v\u00e0 do \u0111\u00f3 mang l\u1ea1i th\u00e0nh t\u00edch cao nh\u1ea5t cho h\u1ecdc vi\u00ean.<\/p>\n<p><img src=\"https:\/\/enta.edu.vn\/img\/webroot\/upload\/images\/images\/image(7).png\" \/><\/p>\n","protected":false},"excerpt":{"rendered":"<p>ENTA English Training Academy\u00a0l\u00e0 m\u1ed9t t\u1ed5 ch\u1ee9c gi\u1ea3ng d\u1ea1y &#8211; \u0111\u00e0o t\u1ea1o Ti\u1ebfng Anh, luy\u1ec7n thi IELTS \u0111\u01b0\u1ee3c th\u00e0nh l\u1eadp t\u1eeb n\u0103m 2005 r\u1ea5t uy t\u00edn v\u00e0 gi\u00e0u kinh nghi\u1ec7m. V\u1edbi h\u01a1n 15 n\u0103m ho\u1ea1t \u0111\u1ed9ng, nh\u1eefng th\u00e0nh t\u1ef1u trong t\u1ed5 ch\u1ee9c t\u01b0 v\u1ea5n &#8211; luy\u1ec7n thi IELTS c\u1ee7a ENTA ENGLISH \u0111\u01b0\u1ee3c c\u00f4ng nh\u1eadn r\u1ed9ng [&hellip;]<\/p>\n","protected":false},"author":1,"featured_media":0,"parent":0,"menu_order":0,"comment_status":"closed","ping_status":"closed","template":"","meta":[],"_links":{"self":[{"href":"https:\/\/enta.edu.vn\/en\/wp-json\/wp\/v2\/pages\/2948"}],"collection":[{"href":"https:\/\/enta.edu.vn\/en\/wp-json\/wp\/v2\/pages"}],"about":[{"href":"https:\/\/enta.edu.vn\/en\/wp-json\/wp\/v2\/types\/page"}],"author":[{"embeddable":true,"href":"https:\/\/enta.edu.vn\/en\/wp-json\/wp\/v2\/users\/1"}],"replies":[{"embeddable":true,"href":"https:\/\/enta.edu.vn\/en\/wp-json\/wp\/v2\/comments?post=2948"}],"version-history":[{"count":3,"href":"https:\/\/enta.edu.vn\/en\/wp-json\/wp\/v2\/pages\/2948\/revisions"}],"predecessor-version":[{"id":4519,"href":"https:\/\/enta.edu.vn\/en\/wp-json\/wp\/v2\/pages\/2948\/revisions\/4519"}],"wp:attachment":[{"href":"https:\/\/enta.edu.vn\/en\/wp-json\/wp\/v2\/media?parent=2948"}],"curies":[{"name":"wp","href":"https:\/\/api.w.org\/{rel}","templated":true}]}}